{"id":409,"date":"2022-02-23T21:16:05","date_gmt":"2022-02-23T21:16:05","guid":{"rendered":"https:\/\/purple-wings2.unoxi.de\/?page_id=409"},"modified":"2022-06-30T21:46:13","modified_gmt":"2022-06-30T21:46:13","slug":"site-notice","status":"publish","type":"page","link":"https:\/\/purple-wings2.unoxi.de\/en\/site-notice\/","title":{"rendered":"Site Notice"},"content":{"rendered":"<p>[et_pb_section fb_built=&#8221;1&#8243; _builder_version=&#8221;4.14.2&#8243; _module_preset=&#8221;default&#8221; global_colors_info=&#8221;{}&#8221;][et_pb_row _builder_version=&#8221;4.14.2&#8243; _module_preset=&#8221;default&#8221; global_colors_info=&#8221;{}&#8221;][et_pb_column type=&#8221;4_4&#8243; _builder_version=&#8221;4.14.2&#8243; _module_preset=&#8221;default&#8221; global_colors_info=&#8221;{}&#8221;][et_pb_code _builder_version=&#8221;4.14.2&#8243; _module_preset=&#8221;default&#8221; global_colors_info=&#8221;{}&#8221;]<\/p>\n<h1>Site Notice<\/h1>\n<p><!-- [et_pb_line_break_holder] --><!-- [et_pb_line_break_holder] --><\/p>\n<h2>Information pursuant to Sect. 5 German Telemedia Act (TMG)<\/h2>\n<p><!-- [et_pb_line_break_holder] --><pee>Purple Wings GmbH<!\u2013- [et_pb_br_holder] -\u2013> <!-- [et_pb_line_break_holder] -->L\u00fcnenerstra\u00dfe 46<!\u2013- [et_pb_br_holder] -\u2013><!-- [et_pb_line_break_holder] -->59192 Bergkamen<\/pee><!-- [et_pb_line_break_holder] --><!-- [et_pb_line_break_holder] --><pee><strong>Represented by:<\/strong><!\u2013- [et_pb_br_holder] -\u2013><!-- [et_pb_line_break_holder] -->Memet Sayar<\/pee><!-- [et_pb_line_break_holder] --><!-- [et_pb_line_break_holder] --><\/p>\n<h2>Contact<\/h2>\n<p><!-- [et_pb_line_break_holder] --><pee>Phone: 015901172336<!\u2013- [et_pb_br_holder] -\u2013><!-- [et_pb_line_break_holder] -->E-mail: service@purple-wings.de<\/pee><!-- [et_pb_line_break_holder] --><!-- [et_pb_line_break_holder] --><\/p>\n<h2>VAT ID<\/h2>\n<p><!-- [et_pb_line_break_holder] --><pee>Sales tax identification number according to Sect. 27 a of the Sales Tax Law:<!\u2013- [et_pb_br_holder] -\u2013><!-- [et_pb_line_break_holder] -->ist beantragt<\/pee><!-- [et_pb_line_break_holder] --><!-- [et_pb_line_break_holder] --><\/p>\n<h2>EU dispute resolution<\/h2>\n<p><!-- [et_pb_line_break_holder] --><pee>The European Commission provides a platform for online dispute resolution (ODR): <a href=\"https:\/\/ec.europa.eu\/consumers\/odr\/\" target=\"_blank\" rel=\"noopener noreferrer\">https:\/\/ec.europa.eu\/consumers\/odr\/<\/a>.<!\u2013- [et_pb_br_holder] -\u2013> Our e-mail address can be found above in the site notice.<\/pee><!-- [et_pb_line_break_holder] --><!-- [et_pb_line_break_holder] --><\/p>\n<h2>Dispute resolution proceedings in front of a consumer arbitration board<\/h2>\n<p><!-- [et_pb_line_break_holder] --><pee>We participate in a dispute settlement procedure before a consumer arbitration board. The competent consumer arbitration board is Zentrum f\u00fcr Schlichtung e.V., Stra\u00dfburger Stra\u00dfe 8, 77694 Kehl am Rhein (<a href=\"https:\/\/www.verbraucher-schlichter.de\" rel=\"noopener noreferrer\" target=\"_blank\">https:\/\/www.verbraucher-schlichter.de<\/a>).<\/pee><!-- [et_pb_line_break_holder] --><!-- [et_pb_line_break_holder] -->[\/et_pb_code][\/et_pb_column][\/et_pb_row][\/et_pb_section]<\/p>\n","protected":false},"excerpt":{"rendered":"","protected":false},"author":1,"featured_media":0,"parent":0,"menu_order":0,"comment_status":"closed","ping_status":"closed","template":"","meta":{"_et_pb_use_builder":"on","_et_pb_old_content":"","_et_gb_content_width":""},"_links":{"self":[{"href":"https:\/\/purple-wings2.unoxi.de\/en\/wp-json\/wp\/v2\/pages\/409"}],"collection":[{"href":"https:\/\/purple-wings2.unoxi.de\/en\/wp-json\/wp\/v2\/pages"}],"about":[{"href":"https:\/\/purple-wings2.unoxi.de\/en\/wp-json\/wp\/v2\/types\/page"}],"author":[{"embeddable":true,"href":"https:\/\/purple-wings2.unoxi.de\/en\/wp-json\/wp\/v2\/users\/1"}],"replies":[{"embeddable":true,"href":"https:\/\/purple-wings2.unoxi.de\/en\/wp-json\/wp\/v2\/comments?post=409"}],"version-history":[{"count":3,"href":"https:\/\/purple-wings2.unoxi.de\/en\/wp-json\/wp\/v2\/pages\/409\/revisions"}],"predecessor-version":[{"id":620,"href":"https:\/\/purple-wings2.unoxi.de\/en\/wp-json\/wp\/v2\/pages\/409\/revisions\/620"}],"wp:attachment":[{"href":"https:\/\/purple-wings2.unoxi.de\/en\/wp-json\/wp\/v2\/media?parent=409"}],"curies":[{"name":"wp","href":"https:\/\/api.w.org\/{rel}","templated":true}]}}